{"id":38,"date":"2025-03-11T16:50:57","date_gmt":"2025-03-11T16:50:57","guid":{"rendered":"https:\/\/omapi:8890\/?page_id=38"},"modified":"2025-03-21T11:04:33","modified_gmt":"2025-03-21T11:04:33","slug":"plan-de-site","status":"publish","type":"page","link":"https:\/\/omapi.lepressing.com\/?page_id=38","title":{"rendered":"Plan de site"},"content":{"rendered":"\n<section class=\"wp-block-cover alignfull is-light not-prose\" style=\"margin-top:0;padding-top:1vw;padding-right:5vw;padding-bottom:5vw;padding-left:5vw;min-height:260px;aspect-ratio:unset;\"><span aria-hidden=\"true\" class=\"wp-block-cover__background has-background-dim-0 has-background-dim\"><\/span><div class=\"wp-block-cover__inner-container is-layout-flow wp-block-cover-is-layout-flow\">\n<div class=\"wp-block-group mx-auto max-w-7xl px-4 sm:px-6 lg:px-8 is-content-justification-left is-layout-flex wp-container-core-group-is-layout-bc8e6f51 wp-block-group-is-layout-flex\">\n<div class=\"wp-block-group is-vertical is-content-justification-left is-layout-flex wp-container-core-group-is-layout-2290e706 wp-block-group-is-layout-flex\">\n<p class=\"has-text-align-left sub__title\">OMAPI<\/p>\n\n\n\n<div style=\"height:0px\" aria-hidden=\"true\" class=\"wp-block-spacer wp-container-content-f9bd05ee\"><\/div>\n\n\n\n<h1 class=\"wp-block-heading has-text-align-left h2__big font-display\"><strong>PLAN<\/strong> <span class=\"h1__serif\">de site<\/span><\/h1>\n<\/div>\n<\/div>\n\n\n\n<div class=\"wp-block-group mx-auto max-w-7xl px-4 sm:px-6 lg:px-8 is-content-justification-left is-layout-flex wp-container-core-group-is-layout-bc8e6f51 wp-block-group-is-layout-flex\">\n<div class=\"wp-block-group is-vertical is-content-justification-center is-layout-flex wp-container-core-group-is-layout-81423f52 wp-block-group-is-layout-flex\"><ul class=\"wp-block-page-list\"><li class=\"wp-block-pages-list__item\"><a class=\"wp-block-pages-list__item__link\" href=\"https:\/\/omapi.lepressing.com\/?page_id=15\">Accompagement OMAPI<\/a><\/li><li class=\"wp-block-pages-list__item menu-item-home\"><a class=\"wp-block-pages-list__item__link\" href=\"https:\/\/omapi.lepressing.com\/\">Accueil<\/a><\/li><li class=\"wp-block-pages-list__item\"><a class=\"wp-block-pages-list__item__link\" href=\"https:\/\/omapi.lepressing.com\/?page_id=9\">Bain &amp; Cuisine<\/a><\/li><li class=\"wp-block-pages-list__item\"><a class=\"wp-block-pages-list__item__link\" href=\"https:\/\/omapi.lepressing.com\/?page_id=11\">Circulation<\/a><\/li><li class=\"wp-block-pages-list__item\"><a class=\"wp-block-pages-list__item__link\" href=\"https:\/\/omapi.lepressing.com\/?page_id=21\">Contact<\/a><\/li><li class=\"wp-block-pages-list__item\"><a class=\"wp-block-pages-list__item__link\" href=\"https:\/\/omapi.lepressing.com\/?page_id=13\">Domotique<\/a><\/li><li class=\"wp-block-pages-list__item\"><a class=\"wp-block-pages-list__item__link\" href=\"https:\/\/omapi.lepressing.com\/?page_id=19\">L&rsquo;\u00e9quipe Omapi<\/a><\/li><li class=\"wp-block-pages-list__item\"><a class=\"wp-block-pages-list__item__link\" href=\"https:\/\/omapi.lepressing.com\/?page_id=23\">Mentions l\u00e9gales et CGV<\/a><\/li><li class=\"wp-block-pages-list__item\"><a class=\"wp-block-pages-list__item__link\" href=\"https:\/\/omapi.lepressing.com\/?page_id=17\">Mon \u00e9ligibilt\u00e9 \u00e0 MaPrimeAdapt\u2019<\/a><\/li><li class=\"wp-block-pages-list__item\"><a class=\"wp-block-pages-list__item__link\" href=\"https:\/\/omapi.lepressing.com\/?page_id=38\">Plan de site<\/a><\/li><\/ul>\n\n\n<div style=\"height:0px\" aria-hidden=\"true\" class=\"wp-block-spacer wp-container-content-f9bd05ee\"><\/div>\n<\/div>\n<\/div>\n<\/div><\/section>\n","protected":false},"excerpt":{"rendered":"","protected":false},"author":1,"featured_media":0,"parent":0,"menu_order":0,"comment_status":"closed","ping_status":"closed","template":"","meta":{"footnotes":""},"class_list":["post-38","page","type-page","status-publish","hentry"],"_links":{"self":[{"href":"https:\/\/omapi.lepressing.com\/index.php?rest_route=\/wp\/v2\/pages\/38","targetHints":{"allow":["GET"]}}],"collection":[{"href":"https:\/\/omapi.lepressing.com\/index.php?rest_route=\/wp\/v2\/pages"}],"about":[{"href":"https:\/\/omapi.lepressing.com\/index.php?rest_route=\/wp\/v2\/types\/page"}],"author":[{"embeddable":true,"href":"https:\/\/omapi.lepressing.com\/index.php?rest_route=\/wp\/v2\/users\/1"}],"replies":[{"embeddable":true,"href":"https:\/\/omapi.lepressing.com\/index.php?rest_route=%2Fwp%2Fv2%2Fcomments&post=38"}],"version-history":[{"count":6,"href":"https:\/\/omapi.lepressing.com\/index.php?rest_route=\/wp\/v2\/pages\/38\/revisions"}],"predecessor-version":[{"id":723,"href":"https:\/\/omapi.lepressing.com\/index.php?rest_route=\/wp\/v2\/pages\/38\/revisions\/723"}],"wp:attachment":[{"href":"https:\/\/omapi.lepressing.com\/index.php?rest_route=%2Fwp%2Fv2%2Fmedia&parent=38"}],"curies":[{"name":"wp","href":"https:\/\/api.w.org\/{rel}","templated":true}]}}