{"id":21,"date":"2025-03-11T16:38:40","date_gmt":"2025-03-11T16:38:40","guid":{"rendered":"https:\/\/omapi:8890\/?page_id=21"},"modified":"2025-03-20T20:18:58","modified_gmt":"2025-03-20T20:18:58","slug":"contact","status":"publish","type":"page","link":"https:\/\/omapi.lepressing.com\/?page_id=21","title":{"rendered":"Contact"},"content":{"rendered":"\n<section class=\"wp-block-cover alignfull is-light not-prose\" style=\"margin-top:0;padding-top:32px;padding-right:5vw;padding-bottom:5vw;padding-left:5vw\"><span aria-hidden=\"true\" class=\"wp-block-cover__background has-background-dim-0 has-background-dim\"><\/span><div class=\"wp-block-cover__inner-container is-layout-flow wp-block-cover-is-layout-flow\">\n<div class=\"wp-block-columns are-vertically-aligned-top mx-auto max-w-7xl px-4 sm:px-6 lg:px-8 is-layout-flex wp-container-core-columns-is-layout-28f84493 wp-block-columns-is-layout-flex\">\n<div class=\"wp-block-column is-vertically-aligned-top is-layout-flow wp-block-column-is-layout-flow\" style=\"flex-basis:55%\">\n<div class=\"wp-block-group is-layout-flex wp-container-core-group-is-layout-d0921e6e wp-block-group-is-layout-flex\">\n<div class=\"wp-block-group is-vertical is-layout-flex wp-container-core-group-is-layout-0c022cc7 wp-block-group-is-layout-flex\" style=\"margin-top:0;margin-bottom:0\">\n<p class=\"sub__title\">Parlons-nous !<\/p>\n\n\n\n<div style=\"height:0px\" aria-hidden=\"true\" class=\"wp-block-spacer wp-container-content-dee2fb34\"><\/div>\n\n\n\n<h1 class=\"wp-block-heading font-display h1__base\"><strong>CONTACTEZ-NOUS<\/strong><\/h1>\n\n\n\n<div style=\"height:0px\" aria-hidden=\"true\" class=\"wp-block-spacer wp-container-content-dee2fb34\"><\/div>\n\n\n\n<p>L\u2019\u00e9quipe Omapi est \u00e0 votre disposition.<br><br>Envoyez nous un message dans cet espace et nous vous r\u00e9pondrons dans les plus brefs d\u00e9lais. N\u2019h\u00e9sitez pas \u00e0 nous d\u00e9tailler votre situation, vos attentes et besoins.<br><br>Vous pouvez \u00e9galement nous joindre par t\u00e9l\u00e9phone, par SMS et WhatsApp \u00e0 ce num\u00e9ro <\/p>\n\n\n\n<div style=\"height:0px\" aria-hidden=\"true\" class=\"wp-block-spacer wp-container-content-dee2fb34\"><\/div>\n\n\n\n<div class=\"wp-block-group is-content-justification-space-between is-layout-flex wp-container-core-group-is-layout-9366075c wp-block-group-is-layout-flex\">\n<div class=\"wp-block-buttons is-content-justification-center is-layout-flex wp-container-core-buttons-is-layout-c124d1c4 wp-block-buttons-is-layout-flex\">\n<div class=\"wp-block-button btn_wa__wp\"><a class=\"wp-block-button__link has-text-align-center wp-element-button\" href=\"https:\/\/wa.me\/33744434747\" style=\"border-radius:70px\">Contactez-nous sur WhatsApp<\/a><\/div>\n\n\n\n<div class=\"wp-block-button btn_phone__wp is-style-outline is-style-outline--1\"><a class=\"wp-block-button__link has-text-align-center wp-element-button\" href=\"tel:+33744434747\" style=\"border-radius:70px\">07 44 43 47 47<\/a><\/div>\n<\/div>\n<\/div>\n\n\n\n<div style=\"height:0px\" aria-hidden=\"true\" class=\"wp-block-spacer wp-container-content-dee2fb34\"><\/div>\n\n\n\n<p>Du lundi au vendredi de 9h00 \u00e0 17h00<br>L\u2019appel n\u2019est pas surtax\u00e9<br><br>Nous utiliserons vos donn\u00e9es uniquement avec votre accord pour simplifier nos \u00e9changes. Nous ne louons ou ne vendons aucune donn\u00e9e personnelle.<\/p>\n<\/div>\n<\/div>\n<\/div>\n\n\n\n<div class=\"wp-block-column is-vertically-aligned-top is-layout-flow wp-block-column-is-layout-flow\" style=\"flex-basis:45%\"><style id=\"wpforms-css-vars-539-block-5964d10b-cf9a-452f-9baf-c363f47f9695\">\n\t\t\t\t#wpforms-539.wpforms-block-5964d10b-cf9a-452f-9baf-c363f47f9695 {\n\t\t\t\t--wpforms-label-color: #0E1111;\n--wpforms-label-sublabel-color: #969596;\n--wpforms-label-error-color: #d63636;\n--wpforms-page-break-color: #2e2c2f;\n--wpforms-field-border-color: #0E1111;\n--wpforms-field-border-color-spare: #0E1111;\n--wpforms-field-text-color: #0E1111;\n--wpforms-container-border-radius: 0px;\n--wpforms-button-border-radius: 60px;\n--wpforms-button-background-color: #0E1111;\n--wpforms-button-text-color: #F7F2EB;\n--wpforms-button-border-color: #cccccc;\n--wpforms-field-size-input-height: 43px;\n--wpforms-field-size-input-spacing: 15px;\n--wpforms-field-size-font-size: 16px;\n--wpforms-field-size-line-height: 19px;\n--wpforms-field-size-padding-h: 14px;\n--wpforms-field-size-checkbox-size: 16px;\n--wpforms-field-size-sublabel-spacing: 5px;\n--wpforms-field-size-icon-size: 1;\n--wpforms-label-size-font-size: 16px;\n--wpforms-label-size-line-height: 19px;\n--wpforms-label-size-sublabel-font-size: 14px;\n--wpforms-label-size-sublabel-line-height: 17px;\n--wpforms-button-size-font-size: 17px;\n--wpforms-button-size-height: 41px;\n--wpforms-button-size-padding-h: 15px;\n--wpforms-button-size-margin-top: 10px;\n--wpforms-container-shadow-size-box-shadow: none;\n\n\t\t\t}\n\t\t\t<\/style><div class=\"wpforms-container wpforms-container-full wpforms-block wpforms-block-5964d10b-cf9a-452f-9baf-c363f47f9695 wpforms-render-modern\" id=\"wpforms-539\"><form id=\"wpforms-form-539\" class=\"wpforms-validate wpforms-form wpforms-ajax-form\" data-formid=\"539\" method=\"post\" enctype=\"multipart\/form-data\" action=\"\/index.php?rest_route=%2Fwp%2Fv2%2Fpages%2F21\" data-token=\"069086b935881cd6a22e19cfdaeecb6b\" data-token-time=\"1775453581\"><noscript class=\"wpforms-error-noscript\">Veuillez activer JavaScript dans votre navigateur pour remplir ce formulaire.<\/noscript><div class=\"wpforms-hidden\" id=\"wpforms-error-noscript\">Veuillez activer JavaScript dans votre navigateur pour remplir ce formulaire.<\/div><div class=\"wpforms-field-container\"><div id=\"wpforms-539-field_13-container\" class=\"wpforms-field wpforms-field-layout\" data-field-id=\"13\"><div class=\"wpforms-field-layout-rows wpforms-field-large\"><div class=\"wpforms-layout-row\"><div class=\"wpforms-layout-column wpforms-layout-column-50\"><div id=\"wpforms-539-field_7-container\" class=\"wpforms-field wpforms-field-text\" data-field-id=\"7\"><label class=\"wpforms-field-label\" for=\"wpforms-539-field_7\">Votre nom <span class=\"wpforms-required-label\" aria-hidden=\"true\">*<\/span><\/label><input type=\"text\" id=\"wpforms-539-field_7\" class=\"wpforms-field-medium wpforms-field-required\" name=\"wpforms[fields][7]\" placeholder=\"Saisir votre nom\" aria-errormessage=\"wpforms-539-field_7-error\" required><\/div><\/div><div class=\"wpforms-layout-column wpforms-layout-column-50\"><div id=\"wpforms-539-field_6-container\" class=\"wpforms-field wpforms-field-text\" data-field-id=\"6\"><label class=\"wpforms-field-label\" for=\"wpforms-539-field_6\">Votre pr\u00e9nom <span class=\"wpforms-required-label\" aria-hidden=\"true\">*<\/span><\/label><input type=\"text\" id=\"wpforms-539-field_6\" class=\"wpforms-field-medium wpforms-field-required\" name=\"wpforms[fields][6]\" placeholder=\"Saisir votre pr\u00e9nom\" aria-errormessage=\"wpforms-539-field_6-error\" required><\/div><\/div><\/div><div class=\"wpforms-layout-row\"><div class=\"wpforms-layout-column wpforms-layout-column-50\"><div id=\"wpforms-539-field_2-container\" class=\"wpforms-field wpforms-field-email\" data-field-id=\"2\"><label class=\"wpforms-field-label\" for=\"wpforms-539-field_2\">Email <span class=\"wpforms-required-label\" aria-hidden=\"true\">*<\/span><\/label><input type=\"email\" id=\"wpforms-539-field_2\" class=\"wpforms-field-medium wpforms-field-required\" name=\"wpforms[fields][2]\" placeholder=\"Saisir votre email\" spellcheck=\"false\" aria-errormessage=\"wpforms-539-field_2-error\" required><\/div><\/div><div class=\"wpforms-layout-column wpforms-layout-column-50\"><div id=\"wpforms-539-field_12-container\" class=\"wpforms-field wpforms-field-phone\" data-field-id=\"12\"><label class=\"wpforms-field-label\" for=\"wpforms-539-field_12\">Phone <span class=\"wpforms-required-label\" aria-hidden=\"true\">*<\/span><\/label><input type=\"tel\" id=\"wpforms-539-field_12\" class=\"wpforms-field-medium wpforms-field-required wpforms-smart-phone-field\" data-rule-smart-phone-field=\"true\" name=\"wpforms[fields][12]\" placeholder=\"0684950860\" aria-label=\"Phone\" aria-errormessage=\"wpforms-539-field_12-error\" required><\/div><\/div><\/div><\/div><\/div><div id=\"wpforms-539-field_4-container\" class=\"wpforms-field wpforms-field-select wpforms-field-select-style-classic\" data-field-id=\"4\"><label class=\"wpforms-field-label\" for=\"wpforms-539-field_4\">Objet de votre demande* <span class=\"wpforms-required-label\" aria-hidden=\"true\">*<\/span><\/label><select id=\"wpforms-539-field_4\" class=\"wpforms-field-large wpforms-field-required\" name=\"wpforms[fields][4]\" required=\"required\"><option value=\"Demandez un devis\" >Demandez un devis<\/option><option value=\"Prendre un RDV avec l\u2019\u00e9quipe Omapi\" >Prendre un RDV avec l\u2019\u00e9quipe Omapi<\/option><option value=\"\u00catre contact\u00e9 par un coordinateur\" >\u00catre contact\u00e9 par un coordinateur<\/option><option value=\"Rejoindre l\u2019\u00e9quipe Omapi\" >Rejoindre l\u2019\u00e9quipe Omapi<\/option><option value=\"Devenir partenaire\" >Devenir partenaire<\/option><\/select><\/div><div id=\"wpforms-539-field_3-container\" class=\"wpforms-field wpforms-field-textarea\" data-field-id=\"3\"><label class=\"wpforms-field-label\" for=\"wpforms-539-field_3\">Votre message <span class=\"wpforms-required-label\" aria-hidden=\"true\">*<\/span><\/label><textarea id=\"wpforms-539-field_3\" class=\"wpforms-field-large wpforms-field-required\" name=\"wpforms[fields][3]\" aria-errormessage=\"wpforms-539-field_3-error\" aria-describedby=\"wpforms-539-field_3-description\" required><\/textarea><div id=\"wpforms-539-field_3-description\" class=\"wpforms-field-description\">Saisir votre message<\/div><\/div><div id=\"wpforms-539-field_5-container\" class=\"wpforms-field wpforms-field-checkbox\" data-field-id=\"5\"><fieldset><legend class=\"wpforms-field-label wpforms-label-hide\" aria-hidden=\"false\">Label<\/legend><ul id=\"wpforms-539-field_5\" data-choice-limit=\"1\"><li class=\"choice-1 depth-1\"><input type=\"checkbox\" id=\"wpforms-539-field_5_1\" data-rule-check-limit=\"true\" name=\"wpforms[fields][5][]\" value=\"Je souhaite recevoir des informations sur les services OMAPI\" aria-errormessage=\"wpforms-539-field_5_1-error\"  ><label class=\"wpforms-field-label-inline\" for=\"wpforms-539-field_5_1\">Je souhaite recevoir des informations sur les services OMAPI<\/label><\/li><\/ul><\/fieldset><\/div><\/div><!-- .wpforms-field-container --><div class=\"wpforms-submit-container\" ><input type=\"hidden\" name=\"wpforms[id]\" value=\"539\"><input type=\"hidden\" name=\"page_title\" value=\"\"><input type=\"hidden\" name=\"page_url\" value=\"https:\/\/omapi.lepressing.com\/index.php?rest_route=\/wp\/v2\/pages\/21\"><input type=\"hidden\" name=\"url_referer\" value=\"\"><button type=\"submit\" name=\"wpforms[submit]\" id=\"wpforms-submit-539\" class=\"wpforms-submit\" data-alt-text=\"En cours...\" data-submit-text=\"Envoyer ma demande\" aria-live=\"assertive\" value=\"wpforms-submit\">Envoyer ma demande<\/button><img loading=\"lazy\" decoding=\"async\" src=\"https:\/\/omapi.lepressing.com\/wp-content\/plugins\/wpforms\/assets\/images\/submit-spin.svg\" class=\"wpforms-submit-spinner\" style=\"display: none;\" width=\"26\" height=\"26\" alt=\"Chargement en cours\"><\/div><\/form><\/div>  <!-- .wpforms-container --><\/div>\n<\/div>\n<\/div><\/section>\n","protected":false},"excerpt":{"rendered":"","protected":false},"author":1,"featured_media":0,"parent":0,"menu_order":0,"comment_status":"closed","ping_status":"closed","template":"","meta":{"footnotes":""},"class_list":["post-21","page","type-page","status-publish","hentry"],"_links":{"self":[{"href":"https:\/\/omapi.lepressing.com\/index.php?rest_route=\/wp\/v2\/pages\/21","targetHints":{"allow":["GET"]}}],"collection":[{"href":"https:\/\/omapi.lepressing.com\/index.php?rest_route=\/wp\/v2\/pages"}],"about":[{"href":"https:\/\/omapi.lepressing.com\/index.php?rest_route=\/wp\/v2\/types\/page"}],"author":[{"embeddable":true,"href":"https:\/\/omapi.lepressing.com\/index.php?rest_route=\/wp\/v2\/users\/1"}],"replies":[{"embeddable":true,"href":"https:\/\/omapi.lepressing.com\/index.php?rest_route=%2Fwp%2Fv2%2Fcomments&post=21"}],"version-history":[{"count":17,"href":"https:\/\/omapi.lepressing.com\/index.php?rest_route=\/wp\/v2\/pages\/21\/revisions"}],"predecessor-version":[{"id":673,"href":"https:\/\/omapi.lepressing.com\/index.php?rest_route=\/wp\/v2\/pages\/21\/revisions\/673"}],"wp:attachment":[{"href":"https:\/\/omapi.lepressing.com\/index.php?rest_route=%2Fwp%2Fv2%2Fmedia&parent=21"}],"curies":[{"name":"wp","href":"https:\/\/api.w.org\/{rel}","templated":true}]}}