{"id":19,"date":"2025-03-11T16:38:30","date_gmt":"2025-03-11T16:38:30","guid":{"rendered":"https:\/\/omapi:8890\/?page_id=19"},"modified":"2025-03-24T16:44:54","modified_gmt":"2025-03-24T16:44:54","slug":"la-famille-omapi","status":"publish","type":"page","link":"https:\/\/omapi.lepressing.com\/?page_id=19","title":{"rendered":"L&rsquo;\u00e9quipe Omapi"},"content":{"rendered":"\n<section class=\"wp-block-cover alignfull is-light not-prose\" style=\"margin-top:0;padding-top:32px;padding-right:5vw;padding-bottom:5vw;padding-left:5vw\"><span aria-hidden=\"true\" class=\"wp-block-cover__background has-background-dim-0 has-background-dim\"><\/span><div class=\"wp-block-cover__inner-container is-layout-flow wp-block-cover-is-layout-flow\">\n<div class=\"wp-block-columns are-vertically-aligned-center mx-auto max-w-7xl px-4 sm:px-6 lg:px-8 is-layout-flex wp-container-core-columns-is-layout-28f84493 wp-block-columns-is-layout-flex\">\n<div class=\"wp-block-column is-vertically-aligned-center is-layout-flow wp-block-column-is-layout-flow\" style=\"flex-basis:55%\">\n<div class=\"wp-block-group is-layout-flex wp-container-core-group-is-layout-d0921e6e wp-block-group-is-layout-flex\">\n<div class=\"wp-block-group is-vertical is-layout-flex wp-container-core-group-is-layout-0c022cc7 wp-block-group-is-layout-flex\" style=\"margin-top:0;margin-bottom:0\">\n<p class=\"sub__title\">D\u00e9couvrez l\u2019histoire singuli\u00e8re d\u2019Omapi<\/p>\n\n\n\n<div style=\"height:0px\" aria-hidden=\"true\" class=\"wp-block-spacer wp-container-content-dee2fb34\"><\/div>\n\n\n\n<h1 class=\"wp-block-heading font-display h1__base\"><strong>LA RENCONTRE DE DEUX<\/strong> <span class=\"h1__serif\">professionnels engag\u00e9s<\/span><\/h1>\n\n\n\n<div style=\"height:0px\" aria-hidden=\"true\" class=\"wp-block-spacer wp-container-content-dee2fb34\"><\/div>\n\n\n\n<p>L&rsquo;histoire d&rsquo;Omapi est n\u00e9e de l\u2019association de deux professionnels de l&rsquo;accompagnement du handicap et de l\u2019avanc\u00e9e en \u00e2ge. <\/p>\n\n\n\n<p><\/p>\n\n\n\n<p>Barbara, designer d&rsquo;int\u00e9rieur et ancienne directrice d&rsquo;\u00e9tablissements m\u00e9dico-sociaux, a d\u00e9velopp\u00e9 une compr\u00e9hension unique des besoins d&rsquo;adaptation \u00e0 travers son exp\u00e9rience professionnelle et \u00e9galement personnelle, aidante aupr\u00e8s de son p\u00e8re en situation de handicap depuis plus de 30 ans. <\/p>\n\n\n\n<p><\/p>\n\n\n\n<p>Ga\u00ebtan, professionnel de sant\u00e9 passionn\u00e9 par l&rsquo;innovation technologique, a consacr\u00e9 une partie de sa carri\u00e8re \u00e0 am\u00e9liorer le quotidien des personnes touch\u00e9es par des troubles auditifs.<\/p>\n\n\n\n<p><\/p>\n\n\n\n<p><strong>Cette alliance unique entre expertise professionnelle et v\u00e9cu personnel a donn\u00e9 naissance \u00e0 une vision nouvelle de l&rsquo;adaptation de l&rsquo;habitat : faire coexister le beau\u00a0et le pratique !\u00a0<\/strong><\/p>\n\n\n\n<div style=\"height:0px\" aria-hidden=\"true\" class=\"wp-block-spacer wp-container-content-dee2fb34\"><\/div>\n\n\n\n<div class=\"wp-block-group is-content-justification-space-between is-layout-flex wp-container-core-group-is-layout-9366075c wp-block-group-is-layout-flex\">\n<div class=\"wp-block-buttons is-content-justification-center is-layout-flex wp-container-core-buttons-is-layout-c124d1c4 wp-block-buttons-is-layout-flex\">\n<div class=\"wp-block-button btn-icon\"><a class=\"wp-block-button__link has-background-color has-foreground-background-color has-text-color has-background has-link-color has-text-align-center wp-element-button\" href=\"https:\/\/omapi.lepressing.com\/?page_id=21\" style=\"border-radius:70px\">RENCONTRER LES FONDATEURS<\/a><\/div>\n<\/div>\n<\/div>\n<\/div>\n<\/div>\n<\/div>\n\n\n\n<div class=\"wp-block-column is-vertically-aligned-center is-layout-flow wp-block-column-is-layout-flow\" style=\"flex-basis:45%\">\n<figure class=\"wp-block-image alignright size-full\"><img loading=\"lazy\" decoding=\"async\" width=\"590\" height=\"769\" src=\"https:\/\/omapi.lepressing.com\/wp-content\/uploads\/2025\/03\/equipe-header-1.png\" alt=\"\" class=\"wp-image-491\" srcset=\"https:\/\/omapi.lepressing.com\/wp-content\/uploads\/2025\/03\/equipe-header-1.png 590w, https:\/\/omapi.lepressing.com\/wp-content\/uploads\/2025\/03\/equipe-header-1-230x300.png 230w\" sizes=\"auto, (max-width: 590px) 100vw, 590px\" \/><\/figure>\n<\/div>\n<\/div>\n<\/div><\/section>\n\n\n\n<section class=\"wp-block-cover alignfull is-light not-prose\" style=\"min-height:500px;aspect-ratio:unset;\"><span aria-hidden=\"true\" class=\"wp-block-cover__background has-background-dim-0 has-background-dim\"><\/span><img loading=\"lazy\" decoding=\"async\" width=\"1440\" height=\"502\" class=\"wp-block-cover__image-background wp-image-493\" alt=\"\" src=\"https:\/\/omapi.lepressing.com\/wp-content\/uploads\/2025\/03\/equipe-fille.jpg\" style=\"object-position:34% 0%\" data-object-fit=\"cover\" data-object-position=\"34% 0%\" srcset=\"https:\/\/omapi.lepressing.com\/wp-content\/uploads\/2025\/03\/equipe-fille.jpg 1440w, https:\/\/omapi.lepressing.com\/wp-content\/uploads\/2025\/03\/equipe-fille-300x105.jpg 300w, https:\/\/omapi.lepressing.com\/wp-content\/uploads\/2025\/03\/equipe-fille-1024x357.jpg 1024w, https:\/\/omapi.lepressing.com\/wp-content\/uploads\/2025\/03\/equipe-fille-768x268.jpg 768w\" sizes=\"auto, (max-width: 1440px) 100vw, 1440px\" \/><div class=\"wp-block-cover__inner-container is-layout-flow wp-block-cover-is-layout-flow\">\n<div class=\"wp-block-group mx-auto max-w-7xl px-4 sm:px-6 lg:px-8 is-content-justification-right is-layout-flex wp-container-core-group-is-layout-2de58efd wp-block-group-is-layout-flex\">\n<div class=\"wp-block-group wp-container-content-fc7021e6 is-layout-constrained wp-container-core-group-is-layout-19e250f3 wp-block-group-is-layout-constrained\">\n<div class=\"wp-block-group has-primary-background-color has-background is-vertical is-content-justification-center is-layout-flex wp-container-core-group-is-layout-305685ef wp-block-group-is-layout-flex\" style=\"border-radius:14px;padding-top:32px;padding-right:32px;padding-bottom:32px;padding-left:32px\">\n<figure class=\"wp-block-image size-large\"><img loading=\"lazy\" decoding=\"async\" width=\"56\" height=\"62\" src=\"https:\/\/omapi.lepressing.com\/wp-content\/uploads\/2025\/03\/sigle-big-black.svg\" alt=\"\" class=\"wp-image-430\"\/><\/figure>\n\n\n\n<p class=\"has-text-align-center font-display has-foreground-color has-text-color has-link-color has-large-font-size wp-elements-1b64bf4adb1eaec0a36dd734b8a93069\" style=\"line-height:0.9\"><span class=\"h1__serif\">Les valeurs que nous partageons ensemble !<\/span><\/p>\n\n\n\n<div class=\"wp-block-buttons is-vertical is-layout-flex wp-container-core-buttons-is-layout-db9d2c3d wp-block-buttons-is-layout-flex\" style=\"margin-top:0;margin-bottom:0\">\n<div class=\"wp-block-button btn-icon\"><a class=\"wp-block-button__link has-primary-color has-foreground-background-color has-text-color has-background has-link-color has-text-align-center wp-element-button\" href=\"https:\/\/omapi.lepressing.com\/?page_id=21\" style=\"border-radius:70px\">RENCONTREZ L\u2019EQUIPE OMAPI<\/a><\/div>\n<\/div>\n<\/div>\n<\/div>\n<\/div>\n<\/div><\/section>\n\n\n\n<section class=\"wp-block-cover alignfull is-light not-prose\" style=\"margin-top:0;padding-top:5vw;padding-right:5vw;padding-bottom:0vw;padding-left:5vw\"><span aria-hidden=\"true\" class=\"wp-block-cover__background has-background-dim-0 has-background-dim\"><\/span><div class=\"wp-block-cover__inner-container is-layout-flow wp-block-cover-is-layout-flow\">\n<div class=\"wp-block-group mx-auto max-w-7xl px-4 sm:px-6 lg:px-8 is-content-justification-left is-layout-flex wp-container-core-group-is-layout-9a61c192 wp-block-group-is-layout-flex\" style=\"min-height:500px;padding-top:5vh;padding-right:5vh;padding-bottom:5vh;padding-left:5vh\">\n<div class=\"wp-block-columns is-layout-flex wp-container-core-columns-is-layout-28f84493 wp-block-columns-is-layout-flex\">\n<div class=\"wp-block-column is-vertically-aligned-stretch has-border-color is-layout-flow wp-block-column-is-layout-flow\" style=\"border-color:#0E1111;border-width:2px;border-radius:14px;padding-top:32px;padding-right:32px;padding-bottom:32px;padding-left:32px;flex-basis:33.34%\">\n<div class=\"wp-block-group is-vertical is-layout-flex wp-container-core-group-is-layout-0bc941e6 wp-block-group-is-layout-flex\" style=\"min-height:100%\">\n<div class=\"wp-block-group is-vertical is-nowrap is-layout-flex wp-container-core-group-is-layout-e1ca0208 wp-block-group-is-layout-flex\" style=\"min-height:100%\">\n<h3 class=\"wp-block-heading h3__value\" style=\"text-transform:uppercase\">Une conviction partag\u00e9e<\/h3>\n\n\n\n<p>Un habitat adapt\u00e9 va bien au-del\u00e0 des normes techniques : il doit incarner les besoins, les r\u00eaves et l&rsquo;identit\u00e9 de chacun.<\/p>\n<\/div>\n\n\n\n<div class=\"wp-block-buttons is-vertical is-layout-flex wp-container-core-buttons-is-layout-2ccaed17 wp-block-buttons-is-layout-flex\">\n<div class=\"wp-block-button btn-icon\"><a class=\"wp-block-button__link has-background-color has-foreground-background-color has-text-color has-background has-link-color has-text-align-center wp-element-button\" href=\"https:\/\/omapi.lepressing.com\/?page_id=21\" style=\"border-radius:70px\">\u00c9changez avec nous<\/a><\/div>\n<\/div>\n<\/div>\n<\/div>\n\n\n\n<div class=\"wp-block-column is-vertically-aligned-stretch has-border-color is-layout-flow wp-block-column-is-layout-flow\" style=\"border-color:#0E1111;border-width:2px;border-radius:14px;padding-top:32px;padding-right:32px;padding-bottom:32px;padding-left:32px;flex-basis:33.34%\">\n<div class=\"wp-block-group is-vertical is-layout-flex wp-container-core-group-is-layout-0bc941e6 wp-block-group-is-layout-flex\" style=\"min-height:100%\">\n<div class=\"wp-block-group is-vertical is-nowrap is-layout-flex wp-container-core-group-is-layout-e1ca0208 wp-block-group-is-layout-flex\" style=\"min-height:100%\">\n<h3 class=\"wp-block-heading h3__value\" style=\"text-transform:uppercase\">Une marque engag\u00e9e<\/h3>\n\n\n\n<p>En fusionnant \u00ab\u00a0Home\u00a0\u00bb et \u00ab\u00a0Happy\u00a0\u00bb dans le nom Omapi, nous avons voulu cr\u00e9er plus qu&rsquo;une marque, une promesse de bien-\u00eatre et d&rsquo;\u00e9panouissement.<\/p>\n<\/div>\n\n\n\n<div class=\"wp-block-buttons is-vertical is-layout-flex wp-container-core-buttons-is-layout-2ccaed17 wp-block-buttons-is-layout-flex\">\n<div class=\"wp-block-button btn-icon\"><a class=\"wp-block-button__link has-background-color has-foreground-background-color has-text-color has-background has-link-color has-text-align-center wp-element-button\" href=\"https:\/\/omapi.lepressing.com\/?page_id=21\" style=\"border-radius:70px\">Commencez votre projet<\/a><\/div>\n<\/div>\n<\/div>\n<\/div>\n\n\n\n<div class=\"wp-block-column is-vertically-aligned-stretch has-border-color is-layout-flow wp-block-column-is-layout-flow\" style=\"border-color:#0E1111;border-width:2px;border-radius:14px;padding-top:32px;padding-right:32px;padding-bottom:32px;padding-left:32px;flex-basis:33.34%\">\n<div class=\"wp-block-group is-vertical is-layout-flex wp-container-core-group-is-layout-0bc941e6 wp-block-group-is-layout-flex\" style=\"min-height:100%\">\n<div class=\"wp-block-group is-vertical is-nowrap is-layout-flex wp-container-core-group-is-layout-e1ca0208 wp-block-group-is-layout-flex\" style=\"min-height:100%\">\n<h3 class=\"wp-block-heading h3__value\" style=\"text-transform:uppercase\">L&rsquo;excellence partag\u00e9e<\/h3>\n\n\n\n<p>Notre r\u00e9seau de partenaires partagent non seulement nos valeurs, mais aussi notre vision d&rsquo;une adaptation r\u00e9ussie.<\/p>\n<\/div>\n\n\n\n<div class=\"wp-block-buttons is-vertical is-layout-flex wp-container-core-buttons-is-layout-2ccaed17 wp-block-buttons-is-layout-flex\">\n<div class=\"wp-block-button btn-icon\"><a class=\"wp-block-button__link has-background-color has-foreground-background-color has-text-color has-background has-link-color has-text-align-center wp-element-button\" href=\"https:\/\/omapi.lepressing.com\/?page_id=21\" style=\"border-radius:70px\">Devenez partenaire<\/a><\/div>\n<\/div>\n<\/div>\n<\/div>\n<\/div>\n<\/div>\n<\/div><\/section>\n\n\n\n<section class=\"wp-block-cover alignfull not-prose\" style=\"min-height:500px;aspect-ratio:unset;\"><span aria-hidden=\"true\" class=\"wp-block-cover__background has-background-dim-0 has-background-dim\"><\/span><img loading=\"lazy\" decoding=\"async\" width=\"1440\" height=\"577\" class=\"wp-block-cover__image-background wp-image-296\" alt=\"\" src=\"https:\/\/omapi.lepressing.com\/wp-content\/uploads\/2025\/03\/section-vous-aider-1.jpg\" data-object-fit=\"cover\" srcset=\"https:\/\/omapi.lepressing.com\/wp-content\/uploads\/2025\/03\/section-vous-aider-1.jpg 1440w, https:\/\/omapi.lepressing.com\/wp-content\/uploads\/2025\/03\/section-vous-aider-1-300x120.jpg 300w, https:\/\/omapi.lepressing.com\/wp-content\/uploads\/2025\/03\/section-vous-aider-1-1024x410.jpg 1024w, https:\/\/omapi.lepressing.com\/wp-content\/uploads\/2025\/03\/section-vous-aider-1-768x308.jpg 768w\" sizes=\"auto, (max-width: 1440px) 100vw, 1440px\" \/><div class=\"wp-block-cover__inner-container is-layout-flow wp-block-cover-is-layout-flow\">\n<div class=\"wp-block-group mx-auto max-w-7xl px-4 sm:px-6 lg:px-8 is-content-justification-right is-layout-flex wp-container-core-group-is-layout-2de58efd wp-block-group-is-layout-flex\">\n<div class=\"wp-block-group wp-container-content-fc7021e6 is-layout-constrained wp-container-core-group-is-layout-19e250f3 wp-block-group-is-layout-constrained\">\n<div class=\"wp-block-group has-primary-background-color has-background is-vertical is-content-justification-center is-layout-flex wp-container-core-group-is-layout-305685ef wp-block-group-is-layout-flex\" style=\"border-radius:14px;padding-top:32px;padding-right:32px;padding-bottom:32px;padding-left:32px\">\n<figure class=\"wp-block-image size-large\"><img loading=\"lazy\" decoding=\"async\" width=\"56\" height=\"62\" src=\"https:\/\/omapi.lepressing.com\/wp-content\/uploads\/2025\/03\/sigle-big-black.svg\" alt=\"\" class=\"wp-image-430\"\/><\/figure>\n\n\n\n<p class=\"has-text-align-center font-display has-foreground-color has-text-color has-link-color has-large-font-size wp-elements-687eb3dfde0d607e8f8d489c6c4aa717\" style=\"line-height:0.9\"><span class=\"h1__serif\">Nos \u00e9quipes travaux :<\/span><br><span class=\"h1__serif\">des experts au service de votre projet<\/span><\/p>\n\n\n\n<div class=\"wp-block-buttons is-vertical is-layout-flex wp-container-core-buttons-is-layout-db9d2c3d wp-block-buttons-is-layout-flex\" style=\"margin-top:0;margin-bottom:0\">\n<div class=\"wp-block-button btn-icon\"><a class=\"wp-block-button__link has-primary-color has-foreground-background-color has-text-color has-background has-link-color has-text-align-center wp-element-button\" href=\"https:\/\/omapi.lepressing.com\/?page_id=21\" style=\"border-radius:70px\">RENCONTREZ L\u2019EQUIPE OMAPI<\/a><\/div>\n<\/div>\n<\/div>\n<\/div>\n<\/div>\n<\/div><\/section>\n\n\n\n<section class=\"wp-block-cover alignfull is-light not-prose\" style=\"margin-top:0;padding-top:5vw;padding-right:5vw;padding-bottom:5vw;padding-left:5vw\"><span aria-hidden=\"true\" class=\"wp-block-cover__background has-background-dim-0 has-background-dim\"><\/span><div class=\"wp-block-cover__inner-container is-layout-flow wp-block-cover-is-layout-flow\">\n<div class=\"wp-block-group mx-auto max-w-7xl px-4 sm:px-6 lg:px-8 is-vertical is-content-justification-center is-layout-flex wp-container-core-group-is-layout-71847c8d wp-block-group-is-layout-flex\">\n<div class=\"wp-block-group is-layout-flow wp-block-group-is-layout-flow\" style=\"margin-top:0;margin-bottom:0;padding-top:0;padding-bottom:var(--wp--preset--spacing--60)\">\n<p class=\"has-text-align-center p__big__serif\">Les \u00e9quipes travaux Omapi<br> des professionnels engag\u00e9s \u00e0 vos c\u00f4t\u00e9s :<\/p>\n<\/div>\n\n\n\n<div class=\"wp-block-group is-vertical is-content-justification-stretch is-nowrap is-layout-flex wp-container-core-group-is-layout-5a9d514c wp-block-group-is-layout-flex\">\n<div class=\"wp-block-columns is-layout-flex wp-container-core-columns-is-layout-28f84493 wp-block-columns-is-layout-flex\">\n<div class=\"wp-block-column is-vertically-aligned-stretch has-border-color is-layout-constrained wp-container-core-column-is-layout-1a1c0e64 wp-block-column-is-layout-constrained\" style=\"border-color:#0E1111;border-width:2px;border-radius:14px;padding-top:32px;padding-right:32px;padding-bottom:32px;padding-left:32px;flex-basis:50%\">\n<div class=\"wp-block-group is-vertical is-content-justification-stretch is-layout-flex wp-container-core-group-is-layout-e9e70883 wp-block-group-is-layout-flex\">\n<h3 class=\"wp-block-heading h3__value\" style=\"text-transform:uppercase\">sensibilis\u00e9s aux probl\u00e9matiques du handicap et du vieillissement<\/h3>\n<\/div>\n<\/div>\n\n\n\n<div class=\"wp-block-column is-vertically-aligned-stretch has-border-color is-layout-flow wp-block-column-is-layout-flow\" style=\"border-color:#0E1111;border-width:2px;border-radius:14px;padding-top:32px;padding-right:32px;padding-bottom:32px;padding-left:32px;flex-basis:50%\">\n<h3 class=\"wp-block-heading h3__value\" style=\"text-transform:uppercase\">engag\u00e9s \u00e0 nos c\u00f4t\u00e9s, dans une d\u00e9marche de qualit\u00e9 continue<\/h3>\n<\/div>\n<\/div>\n\n\n\n<div class=\"wp-block-columns is-layout-flex wp-container-core-columns-is-layout-28f84493 wp-block-columns-is-layout-flex\">\n<div class=\"wp-block-column is-vertically-aligned-stretch has-border-color is-layout-constrained wp-container-core-column-is-layout-1a1c0e64 wp-block-column-is-layout-constrained\" style=\"border-color:#0E1111;border-width:2px;border-radius:14px;padding-top:32px;padding-right:32px;padding-bottom:32px;padding-left:32px;flex-basis:50%\">\n<div class=\"wp-block-group is-vertical is-content-justification-stretch is-layout-flex wp-container-core-group-is-layout-e9e70883 wp-block-group-is-layout-flex\">\n<h3 class=\"wp-block-heading h3__value\" style=\"text-transform:uppercase\">cr\u00e9ateurs de solutions innovantes et personnalis\u00e9es<\/h3>\n<\/div>\n<\/div>\n\n\n\n<div class=\"wp-block-column is-vertically-aligned-stretch has-border-color is-layout-flow wp-block-column-is-layout-flow\" style=\"border-color:#0E1111;border-width:2px;border-radius:14px;padding-top:32px;padding-right:32px;padding-bottom:32px;padding-left:32px;flex-basis:50%\">\n<h3 class=\"wp-block-heading h3__value\" style=\"text-transform:uppercase\">experts des normes d&rsquo;accessibilit\u00e9 en vigueur<\/h3>\n<\/div>\n<\/div>\n<\/div>\n<\/div>\n<\/div><\/section>\n\n\n\n<section class=\"wp-block-cover alignfull not-prose\" style=\"min-height:760px;aspect-ratio:unset;\"><span aria-hidden=\"true\" class=\"wp-block-cover__background has-background-dim-0 has-background-dim\"><\/span><img loading=\"lazy\" decoding=\"async\" width=\"1440\" height=\"761\" class=\"wp-block-cover__image-background wp-image-429\" alt=\"\" src=\"https:\/\/omapi.lepressing.com\/wp-content\/uploads\/2025\/03\/mami-rigole.jpg\" data-object-fit=\"cover\" srcset=\"https:\/\/omapi.lepressing.com\/wp-content\/uploads\/2025\/03\/mami-rigole.jpg 1440w, https:\/\/omapi.lepressing.com\/wp-content\/uploads\/2025\/03\/mami-rigole-300x159.jpg 300w, https:\/\/omapi.lepressing.com\/wp-content\/uploads\/2025\/03\/mami-rigole-1024x541.jpg 1024w, https:\/\/omapi.lepressing.com\/wp-content\/uploads\/2025\/03\/mami-rigole-768x406.jpg 768w\" sizes=\"auto, (max-width: 1440px) 100vw, 1440px\" \/><div class=\"wp-block-cover__inner-container is-layout-flow wp-block-cover-is-layout-flow\">\n<div class=\"wp-block-group mx-auto max-w-7xl px-4 sm:px-6 lg:px-8 is-content-justification-left is-layout-flex wp-container-core-group-is-layout-a167a473 wp-block-group-is-layout-flex\">\n<div class=\"wp-block-group wp-container-content-fc7021e6 is-layout-constrained wp-container-core-group-is-layout-19e250f3 wp-block-group-is-layout-constrained\">\n<div class=\"wp-block-group has-primary-background-color has-background is-vertical is-content-justification-center is-layout-flex wp-container-core-group-is-layout-305685ef wp-block-group-is-layout-flex\" style=\"border-radius:14px;padding-top:32px;padding-right:32px;padding-bottom:32px;padding-left:32px\">\n<figure class=\"wp-block-image size-large\"><img loading=\"lazy\" decoding=\"async\" width=\"56\" height=\"62\" src=\"https:\/\/omapi.lepressing.com\/wp-content\/uploads\/2025\/03\/sigle-big-black.svg\" alt=\"\" class=\"wp-image-430\"\/><\/figure>\n\n\n\n<p class=\"has-text-align-center font-display has-foreground-color has-text-color has-link-color has-large-font-size wp-elements-14b1de6af56412f543e126adbd18d8f8\" style=\"line-height:0.9\"><span class=\"h1__serif\">Pour votre projet \u2028fa\u00eetes vous accompagner<\/span><\/p>\n\n\n\n<div class=\"wp-block-buttons is-vertical is-content-justification-center is-layout-flex wp-container-core-buttons-is-layout-1d301ea3 wp-block-buttons-is-layout-flex\" style=\"margin-top:0;margin-bottom:0\">\n<div class=\"wp-block-button btn-icon\"><a class=\"wp-block-button__link has-primary-color has-foreground-background-color has-text-color has-background has-link-color has-text-align-center wp-element-button\" href=\"https:\/\/omapi.lepressing.com\/?page_id=17\" style=\"border-radius:70px\">Je calcule mes aides<\/a><\/div>\n\n\n\n<div class=\"wp-block-button is-style-outline btn-icon is-style-outline--1\"><a class=\"wp-block-button__link has-foreground-color has-primary-background-color has-text-color has-background wp-element-button\" href=\"https:\/\/omapi.lepressing.com\/?page_id=21\">Demandez un devis<\/a><\/div>\n<\/div>\n<\/div>\n<\/div>\n<\/div>\n<\/div><\/section>\n\n\n\n<section class=\"wp-block-cover alignfull not-prose has-background-color has-text-color has-link-color wp-elements-e8f8e6bb116599ef1619961a4da5c9f7\" style=\"margin-top:0;padding-top:0vw;padding-right:5vw;padding-bottom:0vw;padding-left:5vw\"><span aria-hidden=\"true\" class=\"wp-block-cover__background has-foreground-background-color has-background-dim-100 has-background-dim\"><\/span><div class=\"wp-block-cover__inner-container is-layout-flow wp-block-cover-is-layout-flow\">\n<div class=\"wp-block-group mx-auto max-w-7xl px-4 sm:px-6 lg:px-8 is-content-justification-center is-layout-flex wp-container-core-group-is-layout-b4821479 wp-block-group-is-layout-flex\">\n<div class=\"wp-block-columns is-layout-flex wp-container-core-columns-is-layout-28f84493 wp-block-columns-is-layout-flex\">\n<div class=\"wp-block-column is-vertically-aligned-stretch has-border-color is-layout-constrained wp-container-core-column-is-layout-1a1c0e64 wp-block-column-is-layout-constrained\" style=\"border-color:#0E1111;border-width:2px;border-radius:14px;padding-top:32px;padding-right:32px;padding-bottom:32px;padding-left:32px;flex-basis:33.34%\">\n<figure class=\"wp-block-image size-large\"><img loading=\"lazy\" decoding=\"async\" width=\"24\" height=\"25\" src=\"https:\/\/omapi.lepressing.com\/wp-content\/uploads\/2025\/03\/certif.svg\" alt=\"\" class=\"wp-image-323\"\/><\/figure>\n\n\n\n<p class=\"p__serif\">Certification<\/p>\n\n\n\n<p>Nous vivons et comprenons les d\u00e9fis du vieillissement et du handicap, notre \u00e9quipe certifi\u00e9e HANDIBAT &amp; SILVERBAT transforme chaque projet en une solution unique qui lib\u00e8re votre quotidien.<\/p>\n<\/div>\n\n\n\n<div class=\"wp-block-column is-vertically-aligned-stretch has-border-color is-layout-flow wp-block-column-is-layout-flow\" style=\"border-color:#0E1111;border-width:2px;border-radius:14px;padding-top:32px;padding-right:32px;padding-bottom:32px;padding-left:32px;flex-basis:33.34%\">\n<figure class=\"wp-block-image size-large\"><img loading=\"lazy\" decoding=\"async\" width=\"24\" height=\"20\" src=\"https:\/\/omapi.lepressing.com\/wp-content\/uploads\/2025\/03\/pouce-b.svg\" alt=\"\" class=\"wp-image-325\"\/><\/figure>\n\n\n\n<p class=\"p__serif\">Accompagnement complet<\/p>\n\n\n\n<p>Nous orchestrons chaque \u00e9tape de la conception \u00e0 la r\u00e9alisation, pour que vous puissiez vous concentrer sereinement sur<br>l&rsquo;essentiel : votre vie.<\/p>\n<\/div>\n\n\n\n<div class=\"wp-block-column has-border-color has-foreground-border-color is-layout-flow wp-block-column-is-layout-flow\" style=\"border-width:2px;border-radius:14px;padding-top:32px;padding-right:32px;padding-bottom:32px;padding-left:32px;flex-basis:33.33%\">\n<figure class=\"wp-block-image size-large\"><img loading=\"lazy\" decoding=\"async\" width=\"23\" height=\"15\" src=\"https:\/\/omapi.lepressing.com\/wp-content\/uploads\/2025\/03\/check-b.svg\" alt=\"\" class=\"wp-image-324\"\/><\/figure>\n\n\n\n<p class=\"p__serif\">Fiabilit\u00e9<\/p>\n\n\n\n<p>Nous nous engageons \u00e0 respecter vos contraintes de budget et de temps, en minimisant les nuisances, pour que l&rsquo;adaptation de votre habitat soit une exp\u00e9rience positive et apais\u00e9e.<\/p>\n<\/div>\n<\/div>\n<\/div>\n<\/div><\/section>\n","protected":false},"excerpt":{"rendered":"","protected":false},"author":1,"featured_media":0,"parent":0,"menu_order":0,"comment_status":"closed","ping_status":"closed","template":"","meta":{"footnotes":""},"class_list":["post-19","page","type-page","status-publish","hentry"],"_links":{"self":[{"href":"https:\/\/omapi.lepressing.com\/index.php?rest_route=\/wp\/v2\/pages\/19","targetHints":{"allow":["GET"]}}],"collection":[{"href":"https:\/\/omapi.lepressing.com\/index.php?rest_route=\/wp\/v2\/pages"}],"about":[{"href":"https:\/\/omapi.lepressing.com\/index.php?rest_route=\/wp\/v2\/types\/page"}],"author":[{"embeddable":true,"href":"https:\/\/omapi.lepressing.com\/index.php?rest_route=\/wp\/v2\/users\/1"}],"replies":[{"embeddable":true,"href":"https:\/\/omapi.lepressing.com\/index.php?rest_route=%2Fwp%2Fv2%2Fcomments&post=19"}],"version-history":[{"count":36,"href":"https:\/\/omapi.lepressing.com\/index.php?rest_route=\/wp\/v2\/pages\/19\/revisions"}],"predecessor-version":[{"id":754,"href":"https:\/\/omapi.lepressing.com\/index.php?rest_route=\/wp\/v2\/pages\/19\/revisions\/754"}],"wp:attachment":[{"href":"https:\/\/omapi.lepressing.com\/index.php?rest_route=%2Fwp%2Fv2%2Fmedia&parent=19"}],"curies":[{"name":"wp","href":"https:\/\/api.w.org\/{rel}","templated":true}]}}